{"id":26808,"date":"2025-03-31T17:24:05","date_gmt":"2025-03-31T17:24:05","guid":{"rendered":"https:\/\/new.campingsantapomata.it\/regolamento\/"},"modified":"2025-07-22T10:54:52","modified_gmt":"2025-07-22T10:54:52","slug":"reglement","status":"publish","type":"page","link":"https:\/\/new.campingsantapomata.it\/nl\/reglement\/","title":{"rendered":"Reglement"},"content":{"rendered":"\t\t<div data-elementor-type=\"wp-page\" data-elementor-id=\"26808\" class=\"elementor elementor-26808 elementor-18619\">\n\t\t\t\t\t\t<section class=\"elementor-section elementor-top-section elementor-element elementor-element-2fe7d08 elementor-section-height-min-height cs-section-content-fullwidth cs-parallax-on-scroll cs_scroll_y_80 elementor-section-boxed elementor-section-height-default elementor-section-items-middle\" data-id=\"2fe7d08\" data-element_type=\"section\" data-settings=\"{&quot;background_background&quot;:&quot;classic&quot;}\" data-cs-parallax-y=\"80\" style=\"background-image: none;\" data-cs-background-image=\"https:\/\/new.campingsantapomata.it\/wp-content\/uploads\/2025\/02\/spiaggia_rocchette-14-10.jpg\" data-cs-background-image-alt-text=\"\">\n\t\t\t\t\t\t\t<div class=\"elementor-background-overlay\"><\/div>\n\t\t\t\t\t\t\t<div class=\"elementor-container elementor-column-gap-no\">\n\t\t\t\t\t<div class=\"elementor-column elementor-col-100 elementor-top-column elementor-element elementor-element-e2bcc72 dark-color\" data-id=\"e2bcc72\" data-element_type=\"column\">\n\t\t\t<div class=\"elementor-widget-wrap elementor-element-populated\">\n\t\t\t\t\t\t<div class=\"elementor-element elementor-element-65a9c72 cs-animation-small-offset elementor-invisible elementor-widget elementor-widget-cs_title\" data-id=\"65a9c72\" data-element_type=\"widget\" data-settings=\"{&quot;_animation&quot;:&quot;fadeInUp&quot;,&quot;_animation_delay&quot;:150}\" data-widget_type=\"cs_title.default\">\n\t\t\t\t<div class=\"elementor-widget-container\">\n\t\t\t\t\t\n        <div class=\"cs-title-wrap text-center\">\t            <h3 class=\"cs-title\">\n\t                Reglement<br>\t            <\/h3>\t            <div class=\"cs-title-text\">\n\t                <p>Houd je aan het reglement van Camping Village Santapomata voor een ontspannen verblijf<\/p>\n\t            <\/div>        <\/div>\t\t\t\t<\/div>\n\t\t\t\t<\/div>\n\t\t\t\t\t<\/div>\n\t\t<\/div>\n\t\t\t\t\t<\/div>\n\t\t<\/section>\n\t\t\t\t<section class=\"elementor-section elementor-top-section elementor-element elementor-element-62a05e2 cs-section-content-fullwidth elementor-section-boxed elementor-section-height-default elementor-section-height-default\" data-id=\"62a05e2\" data-element_type=\"section\" data-settings=\"{&quot;background_background&quot;:&quot;classic&quot;}\">\n\t\t\t\t\t\t<div class=\"elementor-container elementor-column-gap-no\">\n\t\t\t\t\t<div class=\"elementor-column elementor-col-100 elementor-top-column elementor-element elementor-element-4918e5c cs-animation-small-offset elementor-invisible\" data-id=\"4918e5c\" data-element_type=\"column\" data-settings=\"{&quot;animation&quot;:&quot;fadeInUp&quot;,&quot;animation_delay&quot;:300}\">\n\t\t\t<div class=\"elementor-widget-wrap elementor-element-populated\">\n\t\t\t\t\t\t<div class=\"elementor-element elementor-element-6b4b5ca elementor-widget elementor-widget-cs_title\" data-id=\"6b4b5ca\" data-element_type=\"widget\" data-widget_type=\"cs_title.default\">\n\t\t\t\t<div class=\"elementor-widget-container\">\n\t\t\t\t\t\n        <div class=\"cs-title-wrap text-center\">\t            <div class=\"cs-subtitle-wrap\"><span class=\"cs-subtitle\">Reglement Santapomata<\/span><\/div>        <\/div>\t\t\t\t<\/div>\n\t\t\t\t<\/div>\n\t\t\t\t<div class=\"elementor-element elementor-element-9a795cf elementor-widget elementor-widget-text-editor\" data-id=\"9a795cf\" data-element_type=\"widget\" data-widget_type=\"text-editor.default\">\n\t\t\t\t<div class=\"elementor-widget-container\">\n\t\t\t\t\t\t\t\t\t<p align=\"justify\"><u><b>REGLEMENT<\/b><\/u><\/p>\n<p><i>Bij aankomst op de camping dienen gasten zich te melden bij de receptie met geldige identiteitsbewijzen voor alle leden van het gezelschap om in te checken.<\/i><\/p>\n<ul>\n<li><b>Auto\u2019s<\/b> mogen alleen op de dag van aankomst en vertrek het Campingterrein binnenrijden: voor het in- en uitladen mogen gasten tot aan de aangewezen parkeerzone rijden, waarna ze gebruik kunnen maken van de beschikbare handkarren om hun accommodatie\/plaats te bereiken. Auto\u2019s mogen zich verder niet op het terrein verplaatsen. Na het in- of uitladen moeten ze geparkeerd worden op onze <b>externe parkeerplaats<\/b> en voorzien zijn van de parkeerkaart die door het personeel van de receptie is verstrekt. De parkeerplaats is priv\u00e9, maar wordt niet bewaakt: de camping is niet aansprakelijk voor eventuele schade of diefstal.<\/li>\n<li>De <b>ingangspoort<\/b> is gesloten van 20.00 tot 7.30 uur. Gedurende deze uren is alleen toegang te voet toegestaan. Houd u aan de <b>rusttijden<\/b> van 13.00 tot 15.00 uur en van 23.00 tot 7.00 uur, waarin hinderlijk lawaai niet is toegestaan. Zet het volume van radio\u2019s, televisies en andere activiteiten laag.<\/li>\n<li>De directie van Camping Village Santapomata behoudt zich het recht voor om het verkoopcontract (reservering) eenzijdig te be\u00ebindigen indien de gast de rust op het terrein verstoort of zich ernstig misdraagt tegenover personeel of andere gasten.<\/li>\n<li><b>Roken<\/b> is ten strengste verboden in de accommodaties, openbare en priv\u00e9-badkamers, en alle gesloten ruimtes.<\/li>\n<\/ul>\n<p><b>De vegetatie<\/b> op de camping is een natuurlijk erfgoed en mag niet worden beschadigd, gekapt of uitgetrokken. Het is verboden kuilen te graven voor koeling of lozing van caravans, en greppels rond tenten te maken. Hang geen voorwerpen, hangmatten of waslijnen aan de bomen; indien nodig zal het personeel deze verwijderen en eventuele schade in rekening brengen. Vuilnis, zowel vast als vloeibaar, moet in de daarvoor bestemde containers buiten de camping worden weggegooid. Het is bij wet verboden om vuur te maken op de camping, parkeerplaats of het strand. Bij brand: waarschuw onmiddellijk de receptie. Brandblussers en haspels bevinden zich op goed gemarkeerde punten op het terrein.<\/p>\n<p><b>Elektrische aansluiting<\/b> is alleen toegestaan met een CEE-goedgekeurde rubberen kabel, die over de grond moet lopen en niet over hoofdwegen. De kabel mag maximaal 25 meter lang zijn en mag geen koppelingen hebben tussen caravan\/tent en stroompaal. Het gebruik van haardrogers, strijkijzers en andere apparaten met hoog stroomverbruik is verboden, om stroomuitval te voorkomen. Gasten dienen de speciale stopcontacten in het sanitairgebouw te gebruiken.<\/p>\n<p><b>Water<\/b> is een kostbare bron en een gemeenschappelijk goed: gebruik het bewust. Het is verboden om vuil of zeepwater op de grond te gieten. Caravans of campers moeten speciale opvangbakken gebruiken. Voertuigen mogen alleen gewassen worden op de externe parkeerplaats.<\/p>\n<p><b>Honden<\/b> zijn welkom in onze Mini Lodge Tent Dog Friendly, Lodge Tent Dog Friendly en op de camping voor gasten met eigen camper, caravan of tent. Huisdieren dienen bij reservering te worden gemeld. In huuraccommodaties is slechts \u00e9\u00e9n huisdier per gezin toegestaan. Huisdieren zijn niet toegestaan in stacaravans of bungalows. Honden moeten altijd aan de lijn worden gehouden en uitwerpselen moeten onmiddellijk worden opgeruimd, ook binnen de accommodatie. Honden mogen niet zonder toezicht worden achtergelaten. Grote honden moeten een muilkorf dragen, zowel op het terrein als op het strand.<\/p>\n<ul>\n<li>Elke gast is verantwoordelijk voor zijn eigendommen. De directie is niet aansprakelijk voor diefstal (van voertuig of inhoud), vandalisme, natuurschade, storingen van gas, stroom, water, technische defecten, ongevallen veroorzaakt door natuurlijke oorzaken, wilde dieren, andere gasten of hun uitrusting. De camping is niet verantwoordelijk voor geld of waardevolle voorwerpen, natuurlijke schade (vallende takken, dennenappels, enz.) of ongevallen op het terrein of de parkeerplaats.<\/li>\n<li>Gevonden voorwerpen op het terrein moeten bij de receptie worden afgegeven, zodat deze kunnen worden terugbezorgd aan de eigenaar.<\/li>\n<li>Er is een <b>EHBO-post<\/b> op het terrein met een arts aanwezig, dagelijks een uur van juni tot ca. september (tegen betaling).<\/li>\n<\/ul>\n<p><b>Bezoekers<\/b> zijn toegestaan op discretie van de directie tijdens kantooruren (08:00 \u2013 19:30). Als het bezoek langer dan twee uur duurt, moet de dagprijs worden betaald. Het identiteitsbewijs dient tijdens kantooruren te worden opgehaald. Daggasten mogen tot 21.30 uur verblijven en dienen vooraf te betalen voor toegang en parkeren.<\/p>\n<ul>\n<li>De directie behoudt zich het recht voor om ongewenste of te veel gasten te weigeren.<\/li>\n<li>Alle gasten dienen tijdens hun verblijf het <b>identificatie-armbandje<\/b> te dragen. Personen zonder armband of toestemming dienen het terrein onmiddellijk te verlaten na betaling van het dagtarief en riskeren aangifte wegens huisvredebreuk conform art. 614 van het Wetboek van Strafrecht.<\/li>\n<\/ul>\n<p><b>Camping<\/b><\/p>\n<p>In het hoogseizoen is de minimale verblijfsduur twee weken, tenzij anders schriftelijk bevestigd door ons reserveringskantoor. Onbewoonde tenten\/caravans\/campers zijn niet toegestaan. Er worden altijd kosten voor twee personen en een plaats gerekend per nacht, ook als er slechts \u00e9\u00e9n of geen persoon aanwezig is.<\/p>\n<ul>\n<li>Minderjarigen worden alleen toegelaten onder begeleiding van een volwassene gedurende het hele verblijf.<\/li>\n<li>Bij langdurige verblijven dient men de aanwezigheid maandelijks te verifi\u00ebren met de directie. Niet-naleving leidt tot volledige aanrekening van alle dagen.<\/li>\n<li>Plaatsen worden toegewezen bij check-in. Weigering van de toegewezen plaats betekent geen verblijf. Verandering van plaats is niet toegestaan.<\/li>\n<li>In het voor- en naseizoen kunnen sommige diensten beperkt zijn of niet beschikbaar, afhankelijk van het aantal aanwezige gasten.<\/li>\n<li><span lang=\"NL\">Gebruik van de barbecue <strong>niet toegestaan<\/strong><\/span>.<\/li>\n<\/ul>\n<p><b>Huuraccommodaties:<\/b><\/p>\n<p>Betaling van het verblijf in huuraccommodaties dient bij aankomst te geschieden. De sleutels worden uitgereikt tussen 16.00 en 19.00 uur.<\/p>\n<p>Bij vroegere aankomst (voor 16.00 uur) kunnen gasten na check-in gebruik maken van de faciliteiten van Camping Village Santapomata tot zij toegang krijgen tot hun accommodatie.<\/p>\n<p><b>Check-out:<\/b> Kampeerplaatsen en Mini Lodge Tenten dienen v\u00f3\u00f3r 11.00 uur verlaten te zijn; huuraccommodaties v\u00f3\u00f3r 10.00 uur. Bij later vertrek wordt een extra dag in rekening gebracht.<\/p>\n<ul>\n<li>Een borg van \u20ac 150,00 contant (of een creditcardnummer als garantie) wordt bij aankomst gevraagd; bij vertrek wordt de accommodatie gecontroleerd en, indien in orde, wordt de borg volledig teruggegeven.<\/li>\n<li>Het schoonmaken van de keuken\/keukengerei is niet inbegrepen in de eindschoonmaak en dient door de gast zelf te worden uitgevoerd. Bij nalatigheid wordt \u20ac 50,00 in rekening gebracht en ingehouden op de borg of van de creditcard.<\/li>\n<li>Eventuele schade of ontbrekende items moeten binnen 24 uur na aankomst aan de receptie worden gemeld.<\/li>\n<li>Roken is verboden in de huuraccommodaties. Gooi geen sigarettenpeuken op de grond. Binnenmeubilair mag niet buiten worden geplaatst. TV\u2019s mogen niet van hun beugels worden verwijderd.<\/li>\n<li><b>Annulering<\/b> van de reservering dient online te worden gedaan volgens de instructies tijdens het boeken. Eventuele terugbetalingen worden uiterlijk aan het einde van het lopende jaar verwerkt. De reservering is bindend voor de geboekte periode; bij afwijkende aankomst of vertrek blijft volledige betaling verplicht. De reservering is persoonlijk, niet overdraagbaar en vormt een vrij contract tussen partijen.<br \/>\nHet volledige bedrag dient bij aankomst betaald te worden via creditcard, pinpas of contant; bankcheques worden alleen geaccepteerd bij verblijven van minimaal twee weken.<\/li>\n<\/ul>\n<p><b>In geval van brand of noodweer, volg alstublieft de instructies van de Directie.<\/b><\/p>\n<p>Een verblijf op de camping impliceert volledige aanvaarding van dit reglement. Overtreding kan leiden tot waarschuwing of, bij ernstige gevallen, tot verwijdering van het terrein naar oordeel van de Directie. De Directie behoudt zich tevens het recht voor wijzigingen of aanvullingen aan dit reglement aan te brengen.<\/p>\n<p><i>De Directie verzoekt u zich aan het reglement te houden voor een goed functioneren van het Camping Village. Hartelijk dank en een prettig verblijf!<\/i><\/p>\n\t\t\t\t\t\t\t\t<\/div>\n\t\t\t\t<\/div>\n\t\t\t\t\t<\/div>\n\t\t<\/div>\n\t\t\t\t\t<\/div>\n\t\t<\/section>\n\t\t\t\t<\/div>\n\t\t","protected":false},"excerpt":{"rendered":"<p>Reglement Houd je aan het reglement van Camping Village Santapomata voor een ontspannen verblijf Reglement Santapomata REGLEMENT Bij aankomst op de camping dienen gasten zich te melden bij de receptie met geldige identiteitsbewijzen voor alle leden van het gezelschap om in te checken. Auto\u2019s mogen alleen op de dag van aankomst en vertrek het Campingterrein &#8230;<\/p>\n","protected":false},"author":2,"featured_media":26839,"parent":0,"menu_order":0,"comment_status":"closed","ping_status":"closed","template":"template-wide-content.php","meta":{"cozystay_single_page_hide_site_header":"","cozystay_single_page_site_header_source":"","cozystay_single_page_custom_site_header":"","cozystay_single_page_custom_sticky_site_header":"","cozystay_single_page_hide_page_title":"on","cozystay_single_page_header_section_size":"","cozystay_single_page_header_background_color":"","cozystay_single_page_header_background_position_x":"center","cozystay_single_page_header_background_position_y":"center","cozystay_single_page_header_background_size":"cover","cozystay_single_page_header_background_repeat":"off","cozystay_single_page_header_background_scroll":"on","cozystay_single_page_header_text_color":"","cozystay_single_page_header_show_breadcrumb":"","cozystay_single_page_site_footer_hide_main":"","cozystay_single_custom_site_footer_main_source":"","cozystay_single_custom_site_footer_main":"","cozystay_single_page_site_footer_hide_above":"","cozystay_single_custom_site_footer_above_source":"","cozystay_single_custom_site_footer_above":"","cozystay_single_page_site_footer_hide_instagram":"","cozystay_single_page_site_footer_hide_bottom":"","cozystay_single_custom_mobile_menu_source":"","cozystay_single_custom_mobile_menu":"","cozystay_single_custom_mobile_menu_animation":"","cozystay_single_custom_mobile_menu_width":"","cozystay_single_custom_mobile_menu_custom_width":375,"footnotes":""},"class_list":["post-26808","page","type-page","status-publish","has-post-thumbnail","hentry"],"yoast_head":"<!-- This site is optimized with the Yoast SEO plugin v25.5 - https:\/\/yoast.com\/wordpress\/plugins\/seo\/ -->\n<title>Ontdek het reglement van Camping Village Santapomata<\/title>\n<meta name=\"description\" content=\"Houd je aan het reglement van Camping Village Santapomata voor een ontspannen verblijf\" \/>\n<meta name=\"robots\" content=\"noindex, follow, max-snippet:-1, max-image-preview:large, max-video-preview:-1\" \/>\n<meta property=\"og:locale\" content=\"nl_NL\" \/>\n<meta property=\"og:type\" content=\"article\" \/>\n<meta property=\"og:title\" content=\"Ontdek het reglement van Camping Village Santapomata\" \/>\n<meta property=\"og:description\" content=\"Houd je aan het reglement van Camping Village Santapomata voor een ontspannen verblijf\" \/>\n<meta property=\"og:url\" content=\"https:\/\/new.campingsantapomata.it\/nl\/reglement\/\" \/>\n<meta property=\"og:site_name\" content=\"Camping Village Santapomata\" \/>\n<meta property=\"article:modified_time\" content=\"2025-07-22T10:54:52+00:00\" \/>\n<meta name=\"twitter:card\" content=\"summary_large_image\" \/>\n<script type=\"application\/ld+json\" class=\"yoast-schema-graph\">{\"@context\":\"https:\/\/schema.org\",\"@graph\":[{\"@type\":\"WebPage\",\"@id\":\"https:\/\/new.campingsantapomata.it\/nl\/reglement\/\",\"url\":\"https:\/\/new.campingsantapomata.it\/nl\/reglement\/\",\"name\":\"Ontdek het reglement van Camping Village Santapomata\",\"isPartOf\":{\"@id\":\"https:\/\/new.campingsantapomata.it\/nl\/#website\"},\"primaryImageOfPage\":{\"@id\":\"https:\/\/new.campingsantapomata.it\/nl\/reglement\/#primaryimage\"},\"image\":{\"@id\":\"https:\/\/new.campingsantapomata.it\/nl\/reglement\/#primaryimage\"},\"thumbnailUrl\":\"https:\/\/new.campingsantapomata.it\/wp-content\/uploads\/2025\/07\/panoramica-pineta-ok-scaled.jpg\",\"datePublished\":\"2025-03-31T17:24:05+00:00\",\"dateModified\":\"2025-07-22T10:54:52+00:00\",\"description\":\"Houd je aan het reglement van Camping Village Santapomata voor een ontspannen verblijf\",\"breadcrumb\":{\"@id\":\"https:\/\/new.campingsantapomata.it\/nl\/reglement\/#breadcrumb\"},\"inLanguage\":\"nl-NL\",\"potentialAction\":[{\"@type\":\"ReadAction\",\"target\":[\"https:\/\/new.campingsantapomata.it\/nl\/reglement\/\"]}]},{\"@type\":\"ImageObject\",\"inLanguage\":\"nl-NL\",\"@id\":\"https:\/\/new.campingsantapomata.it\/nl\/reglement\/#primaryimage\",\"url\":\"https:\/\/new.campingsantapomata.it\/wp-content\/uploads\/2025\/07\/panoramica-pineta-ok-scaled.jpg\",\"contentUrl\":\"https:\/\/new.campingsantapomata.it\/wp-content\/uploads\/2025\/07\/panoramica-pineta-ok-scaled.jpg\",\"width\":2560,\"height\":1440,\"caption\":\"default\"},{\"@type\":\"BreadcrumbList\",\"@id\":\"https:\/\/new.campingsantapomata.it\/nl\/reglement\/#breadcrumb\",\"itemListElement\":[{\"@type\":\"ListItem\",\"position\":1,\"name\":\"Home\",\"item\":\"https:\/\/new.campingsantapomata.it\/nl\/\"},{\"@type\":\"ListItem\",\"position\":2,\"name\":\"Reglement\"}]},{\"@type\":\"WebSite\",\"@id\":\"https:\/\/new.campingsantapomata.it\/nl\/#website\",\"url\":\"https:\/\/new.campingsantapomata.it\/nl\/\",\"name\":\"Camping Village Santapomata\",\"description\":\"Per le tue vacanze nella Maremma toscana, scegli il Camping Village Santapomata: direttamente sulla spiaggia privata. Scopri le offerte e prenota on-line!\",\"publisher\":{\"@id\":\"https:\/\/new.campingsantapomata.it\/nl\/#organization\"},\"potentialAction\":[{\"@type\":\"SearchAction\",\"target\":{\"@type\":\"EntryPoint\",\"urlTemplate\":\"https:\/\/new.campingsantapomata.it\/nl\/?s={search_term_string}\"},\"query-input\":{\"@type\":\"PropertyValueSpecification\",\"valueRequired\":true,\"valueName\":\"search_term_string\"}}],\"inLanguage\":\"nl-NL\"},{\"@type\":\"Organization\",\"@id\":\"https:\/\/new.campingsantapomata.it\/nl\/#organization\",\"name\":\"Camping Village Santapomata\",\"url\":\"https:\/\/new.campingsantapomata.it\/nl\/\",\"logo\":{\"@type\":\"ImageObject\",\"inLanguage\":\"nl-NL\",\"@id\":\"https:\/\/new.campingsantapomata.it\/nl\/#\/schema\/logo\/image\/\",\"url\":\"https:\/\/new.campingsantapomata.it\/wp-content\/uploads\/2025\/07\/cropped-cropped-santapomata-logo-scaled-2.png\",\"contentUrl\":\"https:\/\/new.campingsantapomata.it\/wp-content\/uploads\/2025\/07\/cropped-cropped-santapomata-logo-scaled-2.png\",\"width\":2558,\"height\":1006,\"caption\":\"Camping Village Santapomata\"},\"image\":{\"@id\":\"https:\/\/new.campingsantapomata.it\/nl\/#\/schema\/logo\/image\/\"}}]}<\/script>\n<!-- \/ Yoast SEO plugin. -->","yoast_head_json":{"title":"Ontdek het reglement van Camping Village Santapomata","description":"Houd je aan het reglement van Camping Village Santapomata voor een ontspannen verblijf","robots":{"index":"noindex","follow":"follow","max-snippet":"max-snippet:-1","max-image-preview":"max-image-preview:large","max-video-preview":"max-video-preview:-1"},"og_locale":"nl_NL","og_type":"article","og_title":"Ontdek het reglement van Camping Village Santapomata","og_description":"Houd je aan het reglement van Camping Village Santapomata voor een ontspannen verblijf","og_url":"https:\/\/new.campingsantapomata.it\/nl\/reglement\/","og_site_name":"Camping Village Santapomata","article_modified_time":"2025-07-22T10:54:52+00:00","twitter_card":"summary_large_image","schema":{"@context":"https:\/\/schema.org","@graph":[{"@type":"WebPage","@id":"https:\/\/new.campingsantapomata.it\/nl\/reglement\/","url":"https:\/\/new.campingsantapomata.it\/nl\/reglement\/","name":"Ontdek het reglement van Camping Village Santapomata","isPartOf":{"@id":"https:\/\/new.campingsantapomata.it\/nl\/#website"},"primaryImageOfPage":{"@id":"https:\/\/new.campingsantapomata.it\/nl\/reglement\/#primaryimage"},"image":{"@id":"https:\/\/new.campingsantapomata.it\/nl\/reglement\/#primaryimage"},"thumbnailUrl":"https:\/\/new.campingsantapomata.it\/wp-content\/uploads\/2025\/07\/panoramica-pineta-ok-scaled.jpg","datePublished":"2025-03-31T17:24:05+00:00","dateModified":"2025-07-22T10:54:52+00:00","description":"Houd je aan het reglement van Camping Village Santapomata voor een ontspannen verblijf","breadcrumb":{"@id":"https:\/\/new.campingsantapomata.it\/nl\/reglement\/#breadcrumb"},"inLanguage":"nl-NL","potentialAction":[{"@type":"ReadAction","target":["https:\/\/new.campingsantapomata.it\/nl\/reglement\/"]}]},{"@type":"ImageObject","inLanguage":"nl-NL","@id":"https:\/\/new.campingsantapomata.it\/nl\/reglement\/#primaryimage","url":"https:\/\/new.campingsantapomata.it\/wp-content\/uploads\/2025\/07\/panoramica-pineta-ok-scaled.jpg","contentUrl":"https:\/\/new.campingsantapomata.it\/wp-content\/uploads\/2025\/07\/panoramica-pineta-ok-scaled.jpg","width":2560,"height":1440,"caption":"default"},{"@type":"BreadcrumbList","@id":"https:\/\/new.campingsantapomata.it\/nl\/reglement\/#breadcrumb","itemListElement":[{"@type":"ListItem","position":1,"name":"Home","item":"https:\/\/new.campingsantapomata.it\/nl\/"},{"@type":"ListItem","position":2,"name":"Reglement"}]},{"@type":"WebSite","@id":"https:\/\/new.campingsantapomata.it\/nl\/#website","url":"https:\/\/new.campingsantapomata.it\/nl\/","name":"Camping Village Santapomata","description":"Per le tue vacanze nella Maremma toscana, scegli il Camping Village Santapomata: direttamente sulla spiaggia privata. Scopri le offerte e prenota on-line!","publisher":{"@id":"https:\/\/new.campingsantapomata.it\/nl\/#organization"},"potentialAction":[{"@type":"SearchAction","target":{"@type":"EntryPoint","urlTemplate":"https:\/\/new.campingsantapomata.it\/nl\/?s={search_term_string}"},"query-input":{"@type":"PropertyValueSpecification","valueRequired":true,"valueName":"search_term_string"}}],"inLanguage":"nl-NL"},{"@type":"Organization","@id":"https:\/\/new.campingsantapomata.it\/nl\/#organization","name":"Camping Village Santapomata","url":"https:\/\/new.campingsantapomata.it\/nl\/","logo":{"@type":"ImageObject","inLanguage":"nl-NL","@id":"https:\/\/new.campingsantapomata.it\/nl\/#\/schema\/logo\/image\/","url":"https:\/\/new.campingsantapomata.it\/wp-content\/uploads\/2025\/07\/cropped-cropped-santapomata-logo-scaled-2.png","contentUrl":"https:\/\/new.campingsantapomata.it\/wp-content\/uploads\/2025\/07\/cropped-cropped-santapomata-logo-scaled-2.png","width":2558,"height":1006,"caption":"Camping Village Santapomata"},"image":{"@id":"https:\/\/new.campingsantapomata.it\/nl\/#\/schema\/logo\/image\/"}}]}},"_links":{"self":[{"href":"https:\/\/new.campingsantapomata.it\/nl\/wp-json\/wp\/v2\/pages\/26808","targetHints":{"allow":["GET"]}}],"collection":[{"href":"https:\/\/new.campingsantapomata.it\/nl\/wp-json\/wp\/v2\/pages"}],"about":[{"href":"https:\/\/new.campingsantapomata.it\/nl\/wp-json\/wp\/v2\/types\/page"}],"author":[{"embeddable":true,"href":"https:\/\/new.campingsantapomata.it\/nl\/wp-json\/wp\/v2\/users\/2"}],"replies":[{"embeddable":true,"href":"https:\/\/new.campingsantapomata.it\/nl\/wp-json\/wp\/v2\/comments?post=26808"}],"version-history":[{"count":3,"href":"https:\/\/new.campingsantapomata.it\/nl\/wp-json\/wp\/v2\/pages\/26808\/revisions"}],"predecessor-version":[{"id":26813,"href":"https:\/\/new.campingsantapomata.it\/nl\/wp-json\/wp\/v2\/pages\/26808\/revisions\/26813"}],"wp:featuredmedia":[{"embeddable":true,"href":"https:\/\/new.campingsantapomata.it\/nl\/wp-json\/wp\/v2\/media\/26839"}],"wp:attachment":[{"href":"https:\/\/new.campingsantapomata.it\/nl\/wp-json\/wp\/v2\/media?parent=26808"}],"curies":[{"name":"wp","href":"https:\/\/api.w.org\/{rel}","templated":true}]}}