{"id":26798,"date":"2025-03-31T17:24:05","date_gmt":"2025-03-31T17:24:05","guid":{"rendered":"https:\/\/new.campingsantapomata.it\/regolamento\/"},"modified":"2025-07-22T10:55:34","modified_gmt":"2025-07-22T10:55:34","slug":"regelwerk","status":"publish","type":"page","link":"https:\/\/new.campingsantapomata.it\/de\/regelwerk\/","title":{"rendered":"Regelwerk"},"content":{"rendered":"\t\t<div data-elementor-type=\"wp-page\" data-elementor-id=\"26798\" class=\"elementor elementor-26798 elementor-18619\">\n\t\t\t\t\t\t<section class=\"elementor-section elementor-top-section elementor-element elementor-element-2fe7d08 elementor-section-height-min-height cs-section-content-fullwidth cs-parallax-on-scroll cs_scroll_y_80 elementor-section-boxed elementor-section-height-default elementor-section-items-middle\" data-id=\"2fe7d08\" data-element_type=\"section\" data-settings=\"{&quot;background_background&quot;:&quot;classic&quot;}\" data-cs-parallax-y=\"80\" style=\"background-image: none;\" data-cs-background-image=\"https:\/\/new.campingsantapomata.it\/wp-content\/uploads\/2025\/02\/spiaggia_rocchette-14-10.jpg\" data-cs-background-image-alt-text=\"\">\n\t\t\t\t\t\t\t<div class=\"elementor-background-overlay\"><\/div>\n\t\t\t\t\t\t\t<div class=\"elementor-container elementor-column-gap-no\">\n\t\t\t\t\t<div class=\"elementor-column elementor-col-100 elementor-top-column elementor-element elementor-element-e2bcc72 dark-color\" data-id=\"e2bcc72\" data-element_type=\"column\">\n\t\t\t<div class=\"elementor-widget-wrap elementor-element-populated\">\n\t\t\t\t\t\t<div class=\"elementor-element elementor-element-65a9c72 cs-animation-small-offset elementor-invisible elementor-widget elementor-widget-cs_title\" data-id=\"65a9c72\" data-element_type=\"widget\" data-settings=\"{&quot;_animation&quot;:&quot;fadeInUp&quot;,&quot;_animation_delay&quot;:150}\" data-widget_type=\"cs_title.default\">\n\t\t\t\t<div class=\"elementor-widget-container\">\n\t\t\t\t\t\n        <div class=\"cs-title-wrap text-center\">\t            <h3 class=\"cs-title\">\n\t                Regelwerk<br>\t            <\/h3>\t            <div class=\"cs-title-text\">\n\t                <p>Halten Sie sich an die Campingplatzordnung des Camping Village Santapomata f\u00fcr einen entspannten Aufenthalt<\/p>\n\t            <\/div>        <\/div>\t\t\t\t<\/div>\n\t\t\t\t<\/div>\n\t\t\t\t\t<\/div>\n\t\t<\/div>\n\t\t\t\t\t<\/div>\n\t\t<\/section>\n\t\t\t\t<section class=\"elementor-section elementor-top-section elementor-element elementor-element-62a05e2 cs-section-content-fullwidth elementor-section-boxed elementor-section-height-default elementor-section-height-default\" data-id=\"62a05e2\" data-element_type=\"section\" data-settings=\"{&quot;background_background&quot;:&quot;classic&quot;}\">\n\t\t\t\t\t\t<div class=\"elementor-container elementor-column-gap-no\">\n\t\t\t\t\t<div class=\"elementor-column elementor-col-100 elementor-top-column elementor-element elementor-element-4918e5c cs-animation-small-offset elementor-invisible\" data-id=\"4918e5c\" data-element_type=\"column\" data-settings=\"{&quot;animation&quot;:&quot;fadeInUp&quot;,&quot;animation_delay&quot;:300}\">\n\t\t\t<div class=\"elementor-widget-wrap elementor-element-populated\">\n\t\t\t\t\t\t<div class=\"elementor-element elementor-element-6b4b5ca elementor-widget elementor-widget-cs_title\" data-id=\"6b4b5ca\" data-element_type=\"widget\" data-widget_type=\"cs_title.default\">\n\t\t\t\t<div class=\"elementor-widget-container\">\n\t\t\t\t\t\n        <div class=\"cs-title-wrap text-center\">\t            <div class=\"cs-subtitle-wrap\"><span class=\"cs-subtitle\">Regelwerk Santapomata<\/span><\/div>        <\/div>\t\t\t\t<\/div>\n\t\t\t\t<\/div>\n\t\t\t\t<div class=\"elementor-element elementor-element-9a795cf elementor-widget elementor-widget-text-editor\" data-id=\"9a795cf\" data-element_type=\"widget\" data-widget_type=\"text-editor.default\">\n\t\t\t\t<div class=\"elementor-widget-container\">\n\t\t\t\t\t\t\t\t\t<p align=\"justify\"><u><b>REGELWERK<\/b><\/u><\/p>\n<p><i>Bei der Ankunft auf dem Campingplatz m\u00fcssen sich die G\u00e4ste an der Rezeption mit g\u00fcltigen Ausweisdokumenten f\u00fcr alle Mitglieder der Reisegruppe zum Check-in melden.<\/i><\/p>\n<ul>\n<li><b>Autos<\/b> d\u00fcrfen den Campingplatz nur am An- und Abreisetag befahren: F\u00fcr Be- und Entladevorg\u00e4nge d\u00fcrfen die G\u00e4ste bis zum vorgesehenen Haltebereich fahren, anschlie\u00dfend stehen Transportwagen zur Verf\u00fcgung, um die Unterkunft\/den Stellplatz zu erreichen. Autos d\u00fcrfen den Campingplatz aus keinem anderen Grund befahren. Nach dem Be- oder Entladen m\u00fcssen sie auf dem <b>Au\u00dfenparkplatz<\/b> abgestellt werden und das von der Rezeption ausgestellte Parkticket sichtbar auslegen. Der Parkplatz ist privat, aber nicht bewacht: Der Campingplatz \u00fcbernimmt keine Haftung f\u00fcr eventuelle Sch\u00e4den oder Diebst\u00e4hle.<\/li>\n<p> \t<\/p>\n<li>Das <b>Eingangstor<\/b> bleibt von 20:00 Uhr bis 07:30 Uhr geschlossen. In dieser Zeit ist nur der Fu\u00dfg\u00e4ngerverkehr erlaubt. Die <b>Ruhezeiten<\/b> von 13:00 bis 15:00 Uhr und von 23:00 bis 07:00 Uhr sind einzuhalten \u2013 in dieser Zeit sind st\u00f6rende Ger\u00e4usche verboten. Bitte halten Sie die Lautst\u00e4rke von Fernsehern, Radios oder anderen Aktivit\u00e4ten niedrig.<\/li>\n<p> \t<\/p>\n<li>Die Direktion des Camping Village Santapomata beh\u00e4lt sich das Recht vor, den Buchungsvertrag einseitig zu k\u00fcndigen, wenn der Gast die \u00f6ffentliche Ruhe st\u00f6rt oder schwerwiegende Verst\u00f6\u00dfe gegen\u00fcber dem Personal oder anderen G\u00e4sten begeht.<\/li>\n<p> \t<\/p>\n<li>Das <b>Rauchen<\/b> ist in den Unterk\u00fcnften sowie in \u00f6ffentlichen und privaten Sanit\u00e4ranlagen und allen geschlossenen R\u00e4umen strengstens verboten.<\/li>\n<p><\/ul>\n<p><b>Die Vegetation<\/b> auf dem Campingplatz ist ein sch\u00fctzenswertes Naturgut und darf nicht besch\u00e4digt, geschnitten oder herausgerissen werden. Es ist verboten, L\u00f6cher zu graben, um Gruben oder Abfl\u00fcsse f\u00fcr Wohnwagen zu bauen, sowie Gr\u00e4ben um Zelte herum zu ziehen. Es d\u00fcrfen keine Gegenst\u00e4nde, H\u00e4ngematten oder W\u00e4scheleinen an Pflanzen oder anderen Strukturen angebracht werden. Andernfalls wird das autorisierte Personal diese entfernen und eventuelle Sch\u00e4den den Verantwortlichen in Rechnung stellen. Das Wegwerfen von festen oder fl\u00fcssigen Abf\u00e4llen auf den Boden ist verboten; sie m\u00fcssen in den daf\u00fcr vorgesehenen Containern au\u00dferhalb des Campingplatzes entsorgt werden. Das Entz\u00fcnden von Feuer auf dem Campingplatz, auf dem Parkplatz oder am Strand ist gesetzlich verboten. Im Brandfall ist sofort die Rezeption und das zust\u00e4ndige Personal zu benachrichtigen. Feuerl\u00f6scher und Wasserschl\u00e4uche befinden sich an gut gekennzeichneten Stellen im gesamten Campingbereich.<\/p>\n<p><b>Der Stromanschluss<\/b> ist nur mit einem CEE-konformen Gummikabel erlaubt und muss am Boden verlegt werden, ohne die Hauptstra\u00dfen zu \u00fcberqueren. Das Kabel darf maximal 25 Meter lang sein und keine Verbindungsst\u00fccke zwischen Wohnwagen\/Zelt und Stroms\u00e4ule aufweisen. Haartrockner, B\u00fcgeleisen und andere Ger\u00e4te mit hohem Stromverbrauch sind verboten, da sie die Stroms\u00e4ule \u00fcberlasten k\u00f6nnen; in diesem Fall haftet der Verursacher f\u00fcr entstandene Sch\u00e4den. Bitte nutzen Sie die Steckdosen im Sanit\u00e4rbereich.<\/p>\n<p><b>Wasser<\/b> ist eine kostbare Ressource und ein Gemeinschaftsgut \u2013 bitte gehen Sie verantwortungsvoll damit um. Das Ausgie\u00dfen von schmutzigem oder seifigem Wasser auf den Boden ist strengstens untersagt. Wohnwagen oder Camper m\u00fcssen geeignete Beh\u00e4lter f\u00fcr Abw\u00e4sser verwenden. Fahrzeugreinigung ist nur auf dem Au\u00dfenparkplatz erlaubt.<\/p>\n<p><b>Hunde<\/b> sind in unseren Mini Lodge Tent Dog Friendly, Lodge Tent Dog Friendly und auf den Stellpl\u00e4tzen willkommen, wenn G\u00e4ste mit eigenem Camper, Wohnwagen oder Zelt anreisen. Haustiere m\u00fcssen bei der Buchung angemeldet werden. In den Mietunterk\u00fcnften ist nur ein Haustier pro Familie erlaubt. In Mobilheimen und Bungalows sind Tiere nicht gestattet. Hunde m\u00fcssen stets an der Leine gef\u00fchrt werden und deren Hinterlassenschaften sowohl innerhalb als auch au\u00dferhalb der Anlage unverz\u00fcglich beseitigt werden. Haustiere d\u00fcrfen niemals unbeaufsichtigt gelassen werden, sondern m\u00fcssen stets bei ihren Besitzern bleiben, um andere G\u00e4ste nicht zu st\u00f6ren. Hunde gro\u00dfer Rassen m\u00fcssen in \u00f6ffentlichen Bereichen und am Strand einen Maulkorb tragen.<\/p>\n<ul>\n<li>Jeder Gast ist f\u00fcr seine pers\u00f6nlichen Gegenst\u00e4nde selbst verantwortlich. Die Direktion \u00fcbernimmt keine Haftung bei Diebstahl (Fahrzeug oder Inhalt), Vandalismus, Umweltsch\u00e4den, Naturkatastrophen, Ausfall von Gas, Strom oder Wasser, technischen Defekten, Unf\u00e4llen durch Naturereignisse, Wildtiere, G\u00e4ste oder deren Ausr\u00fcstung\/Fahrzeuge; auch nicht f\u00fcr verlorenes Geld, nat\u00fcrliche Sch\u00e4den (z.\u202fB. herabfallende \u00c4ste, Zapfen usw.), Verkehrsunf\u00e4lle oder andere Sch\u00e4den auf dem Gel\u00e4nde oder dem Parkplatz.<\/li>\n<li>Gefundene Gegenst\u00e4nde m\u00fcssen an der Rezeption abgegeben werden, die sich um die R\u00fcckgabe an den rechtm\u00e4\u00dfigen Eigent\u00fcmer k\u00fcmmert.<\/li>\n<li>Im Feriendorf gibt es eine <b>Erste-Hilfe-Station<\/b> mit einem Arzt, der von Juni bis ca. September t\u00e4glich eine Stunde lang verf\u00fcgbar ist (gegen Geb\u00fchr).<\/li>\n<p><\/ul>\n<p><b>Besucher<\/b> sind w\u00e4hrend der B\u00fcrozeiten (08:00 \u2013 19:30 Uhr) nach Ermessen der Direktion erlaubt. Wird der Campingplatz l\u00e4nger als zwei Stunden besucht, ist die entsprechende Tagesgeb\u00fchr zu entrichten. Das hinterlegte Dokument muss innerhalb der B\u00fcrozeiten abgeholt werden. Tagesg\u00e4ste d\u00fcrfen sich bis 21:30 Uhr aufhalten, mit vorheriger Zahlung der entsprechenden Tarife f\u00fcr Person und Parkplatz.<\/p>\n<ul>\n<li>Die Direktion beh\u00e4lt sich das uneingeschr\u00e4nkte Recht vor, unerw\u00fcnschte oder zu viele Camper abzuweisen.<\/li>\n<li>Alle G\u00e4ste m\u00fcssen w\u00e4hrend ihres gesamten Aufenthalts ein <b>Erkennungsarmband<\/b> tragen. Wer ohne g\u00fcltiges Armband oder Genehmigung auf dem Gel\u00e4nde angetroffen wird, muss das Feriendorf sofort verlassen und die Tagesgeb\u00fchr entrichten. Zudem kann eine Anzeige wegen Hausfriedensbruchs gem\u00e4\u00df Art. 614 des Strafgesetzbuches erfolgen.<\/li>\n<p><\/ul>\n<p><b>Camping<\/b><\/p>\n<p>In der Hochsaison ist ein Mindestaufenthalt von zwei Wochen erforderlich, sofern nicht anders schriftlich von unserem Buchungsb\u00fcro best\u00e4tigt. Unbewohnte Zelte\/Wohnwagen\/Wohnmobile sind nicht erlaubt. Es werden zwei Personen plus Stellplatz pro Nacht berechnet, auch wenn nur eine oder keine Person anwesend ist.<\/p>\n<ul>\n<li>Unbegleitete Minderj\u00e4hrige sind nicht gestattet \u2013 mindestens ein Erwachsener muss w\u00e4hrend des gesamten Aufenthalts anwesend sein.<\/li>\n<li>Bei l\u00e4ngeren Aufenthalten bitten wir die G\u00e4ste, ihre Anwesenheit gemeinsam mit der Direktion bis zum Monatsende zu \u00fcberpr\u00fcfen. Andernfalls wird die volle Anzahl der N\u00e4chte berechnet.<\/li>\n<li>Der Stellplatz wird beim Check-in zugewiesen. Die Ablehnung des zugewiesenen Platzes bedeutet den Verzicht auf den Aufenthalt. Ein Platzwechsel ist nicht m\u00f6glich.<\/li>\n<li>Zu Beginn und Ende der Saison k\u00f6nnen je nach Anzahl der anwesenden G\u00e4ste bestimmte Dienstleistungen eingeschr\u00e4nkt oder nicht verf\u00fcgbar sein.<\/li>\n<li><span lang=\"IT\">Grillen <strong>nicht gestattet<\/strong><\/span>.<\/li>\n<\/ul>\n<p><b>Mietunterk\u00fcnfte:<\/b><\/p>\n<p>Die Bezahlung des Aufenthalts in den Mietunterk\u00fcnften erfolgt bei der Ankunft. Die Schl\u00fcssel\u00fcbergabe erfolgt zwischen 16:00 und 19:00 Uhr.<\/p>\n<p>Bei fr\u00fcherer Ankunft (vor 16:00 Uhr) k\u00f6nnen die G\u00e4ste nach dem Check-in die Einrichtungen des Camping Village Santapomata nutzen, bis sie ihre Unterkunft beziehen k\u00f6nnen.<\/p>\n<p><b>Check-out:<\/b> Stellpl\u00e4tze und Mini Lodge Tents m\u00fcssen bis 11:00 Uhr, Mietunterk\u00fcnfte bis 10:00 Uhr ger\u00e4umt sein. Danach wird ein weiterer Tag berechnet.<\/p>\n<ul>\n<li>Eine Kaution von 150,00\u202f\u20ac in bar (oder eine Kreditkartengarantie) ist beim Check-in zu hinterlegen. Die R\u00fcckerstattung erfolgt nach positiver Abnahme durch das Personal beim Check-out.<\/li>\n<li>Die Reinigung der Kochnische\/Geschirr ist nicht in der Endreinigung enthalten und liegt in der Verantwortung des Gastes: Bei Nichteinhaltung werden 50,00\u202f\u20ac berechnet und von der Kaution abgezogen oder von der Kreditkarte belastet.<\/li>\n<li>Etwaige Sch\u00e4den oder fehlende Einrichtungsgegenst\u00e4nde m\u00fcssen dem Personal innerhalb von 24 Stunden nach Ankunft gemeldet werden.<\/li>\n<li>Rauchen in den Mietunterk\u00fcnften ist verboten; bitte entsorgen Sie Zigarettenstummel nicht auf dem Boden. Es ist ebenfalls untersagt, M\u00f6bel nach drau\u00dfen zu bringen; Fernseher d\u00fcrfen aus Sicherheitsgr\u00fcnden nicht von ihren Halterungen entfernt werden.<\/li>\n<li>Die <b>Stornierung<\/b> der Buchung muss online gem\u00e4\u00df den Buchungsbedingungen erfolgen. Eine etwaige R\u00fcckerstattung erfolgt bis zum Ende des laufenden Jahres. Die Buchung ist f\u00fcr den gebuchten Zeitraum bindend \u2013 bei abweichender An- oder Abreise ist der gesamte Betrag zu zahlen. Die Buchung ist pers\u00f6nlich, nicht \u00fcbertragbar und stellt einen freien Vertrag zwischen den Parteien dar.<br \/>Die Zahlung erfolgt bei Ankunft vollst\u00e4ndig mit Kreditkarte, EC-Karte oder Bargeld; Bankschecks werden nur bei Aufenthalten von mindestens zwei Wochen akzeptiert.<\/li>\n<p><\/ul>\n<p><b>Im Falle eines Brandes oder Unwetters bitten wir unsere G\u00e4ste, den Verhaltenshinweisen der Direktion Folge zu leisten.<\/b><\/p>\n<p>Mit dem Aufenthalt auf dem Campingplatz akzeptieren die G\u00e4ste die vorliegenden Regeln vollst\u00e4ndig. Bei Verst\u00f6\u00dfen kann die Direktion eine Verwarnung aussprechen oder \u2013 in schwerwiegenden F\u00e4llen \u2013 den sofortigen Platzverweis verh\u00e4ngen. Die Direktion beh\u00e4lt sich zudem das Recht vor, \u00c4nderungen oder Erg\u00e4nzungen am Regelwerk vorzunehmen.<\/p>\n<p><i>Die Direktion bittet Sie, sich an das Regelwerk zu halten, um einen reibungslosen Betrieb des Camping Village zu gew\u00e4hrleisten. Wir danken Ihnen und w\u00fcnschen Ihnen einen angenehmen Aufenthalt.<\/i><\/p>\n\t\t\t\t\t\t\t\t<\/div>\n\t\t\t\t<\/div>\n\t\t\t\t\t<\/div>\n\t\t<\/div>\n\t\t\t\t\t<\/div>\n\t\t<\/section>\n\t\t\t\t<\/div>\n\t\t","protected":false},"excerpt":{"rendered":"<p>Regelwerk Halten Sie sich an die Campingplatzordnung des Camping Village Santapomata f\u00fcr einen entspannten Aufenthalt Regelwerk Santapomata REGELWERK Bei der Ankunft auf dem Campingplatz m\u00fcssen sich die G\u00e4ste an der Rezeption mit g\u00fcltigen Ausweisdokumenten f\u00fcr alle Mitglieder der Reisegruppe zum Check-in melden. Autos d\u00fcrfen den Campingplatz nur am An- und Abreisetag befahren: F\u00fcr Be- und &#8230;<\/p>\n","protected":false},"author":2,"featured_media":26842,"parent":0,"menu_order":0,"comment_status":"closed","ping_status":"closed","template":"template-wide-content.php","meta":{"cozystay_single_page_hide_site_header":"","cozystay_single_page_site_header_source":"","cozystay_single_page_custom_site_header":"","cozystay_single_page_custom_sticky_site_header":"","cozystay_single_page_hide_page_title":"on","cozystay_single_page_header_section_size":"","cozystay_single_page_header_background_color":"","cozystay_single_page_header_background_position_x":"center","cozystay_single_page_header_background_position_y":"center","cozystay_single_page_header_background_size":"cover","cozystay_single_page_header_background_repeat":"off","cozystay_single_page_header_background_scroll":"on","cozystay_single_page_header_text_color":"","cozystay_single_page_header_show_breadcrumb":"","cozystay_single_page_site_footer_hide_main":"","cozystay_single_custom_site_footer_main_source":"","cozystay_single_custom_site_footer_main":"","cozystay_single_page_site_footer_hide_above":"","cozystay_single_custom_site_footer_above_source":"","cozystay_single_custom_site_footer_above":"","cozystay_single_page_site_footer_hide_instagram":"","cozystay_single_page_site_footer_hide_bottom":"","cozystay_single_custom_mobile_menu_source":"","cozystay_single_custom_mobile_menu":"","cozystay_single_custom_mobile_menu_animation":"","cozystay_single_custom_mobile_menu_width":"","cozystay_single_custom_mobile_menu_custom_width":375,"footnotes":""},"class_list":["post-26798","page","type-page","status-publish","has-post-thumbnail","hentry"],"yoast_head":"<!-- This site is optimized with the Yoast SEO plugin v25.5 - https:\/\/yoast.com\/wordpress\/plugins\/seo\/ -->\n<title>Entdecken Sie die Campingplatzordnung des Camping Village Santapomata<\/title>\n<meta name=\"description\" content=\"Halten Sie sich an die Campingplatzordnung des Camping Village Santapomata f\u00fcr einen entspannten Aufenthalt\" \/>\n<meta name=\"robots\" content=\"noindex, follow, max-snippet:-1, max-image-preview:large, max-video-preview:-1\" \/>\n<meta property=\"og:locale\" content=\"de_DE\" \/>\n<meta property=\"og:type\" content=\"article\" \/>\n<meta property=\"og:title\" content=\"Entdecken Sie die Campingplatzordnung des Camping Village Santapomata\" \/>\n<meta property=\"og:description\" content=\"Halten Sie sich an die Campingplatzordnung des Camping Village Santapomata f\u00fcr einen entspannten Aufenthalt\" \/>\n<meta property=\"og:url\" content=\"https:\/\/new.campingsantapomata.it\/de\/regelwerk\/\" \/>\n<meta property=\"og:site_name\" content=\"Camping Village Santapomata\" \/>\n<meta property=\"article:modified_time\" content=\"2025-07-22T10:55:34+00:00\" \/>\n<meta name=\"twitter:card\" content=\"summary_large_image\" \/>\n<script type=\"application\/ld+json\" class=\"yoast-schema-graph\">{\"@context\":\"https:\/\/schema.org\",\"@graph\":[{\"@type\":\"WebPage\",\"@id\":\"https:\/\/new.campingsantapomata.it\/de\/regelwerk\/\",\"url\":\"https:\/\/new.campingsantapomata.it\/de\/regelwerk\/\",\"name\":\"Entdecken Sie die Campingplatzordnung des Camping Village Santapomata\",\"isPartOf\":{\"@id\":\"https:\/\/new.campingsantapomata.it\/de\/#website\"},\"primaryImageOfPage\":{\"@id\":\"https:\/\/new.campingsantapomata.it\/de\/regelwerk\/#primaryimage\"},\"image\":{\"@id\":\"https:\/\/new.campingsantapomata.it\/de\/regelwerk\/#primaryimage\"},\"thumbnailUrl\":\"https:\/\/new.campingsantapomata.it\/wp-content\/uploads\/2025\/07\/panoramica-pineta-ok-scaled.jpg\",\"datePublished\":\"2025-03-31T17:24:05+00:00\",\"dateModified\":\"2025-07-22T10:55:34+00:00\",\"description\":\"Halten Sie sich an die Campingplatzordnung des Camping Village Santapomata f\u00fcr einen entspannten Aufenthalt\",\"breadcrumb\":{\"@id\":\"https:\/\/new.campingsantapomata.it\/de\/regelwerk\/#breadcrumb\"},\"inLanguage\":\"de\",\"potentialAction\":[{\"@type\":\"ReadAction\",\"target\":[\"https:\/\/new.campingsantapomata.it\/de\/regelwerk\/\"]}]},{\"@type\":\"ImageObject\",\"inLanguage\":\"de\",\"@id\":\"https:\/\/new.campingsantapomata.it\/de\/regelwerk\/#primaryimage\",\"url\":\"https:\/\/new.campingsantapomata.it\/wp-content\/uploads\/2025\/07\/panoramica-pineta-ok-scaled.jpg\",\"contentUrl\":\"https:\/\/new.campingsantapomata.it\/wp-content\/uploads\/2025\/07\/panoramica-pineta-ok-scaled.jpg\",\"width\":2560,\"height\":1440,\"caption\":\"default\"},{\"@type\":\"BreadcrumbList\",\"@id\":\"https:\/\/new.campingsantapomata.it\/de\/regelwerk\/#breadcrumb\",\"itemListElement\":[{\"@type\":\"ListItem\",\"position\":1,\"name\":\"Home\",\"item\":\"https:\/\/new.campingsantapomata.it\/de\/\"},{\"@type\":\"ListItem\",\"position\":2,\"name\":\"Regelwerk\"}]},{\"@type\":\"WebSite\",\"@id\":\"https:\/\/new.campingsantapomata.it\/de\/#website\",\"url\":\"https:\/\/new.campingsantapomata.it\/de\/\",\"name\":\"Camping Village Santapomata\",\"description\":\"Per le tue vacanze nella Maremma toscana, scegli il Camping Village Santapomata: direttamente sulla spiaggia privata. Scopri le offerte e prenota on-line!\",\"publisher\":{\"@id\":\"https:\/\/new.campingsantapomata.it\/de\/#organization\"},\"potentialAction\":[{\"@type\":\"SearchAction\",\"target\":{\"@type\":\"EntryPoint\",\"urlTemplate\":\"https:\/\/new.campingsantapomata.it\/de\/?s={search_term_string}\"},\"query-input\":{\"@type\":\"PropertyValueSpecification\",\"valueRequired\":true,\"valueName\":\"search_term_string\"}}],\"inLanguage\":\"de\"},{\"@type\":\"Organization\",\"@id\":\"https:\/\/new.campingsantapomata.it\/de\/#organization\",\"name\":\"Camping Village Santapomata\",\"url\":\"https:\/\/new.campingsantapomata.it\/de\/\",\"logo\":{\"@type\":\"ImageObject\",\"inLanguage\":\"de\",\"@id\":\"https:\/\/new.campingsantapomata.it\/de\/#\/schema\/logo\/image\/\",\"url\":\"https:\/\/new.campingsantapomata.it\/wp-content\/uploads\/2025\/07\/cropped-cropped-santapomata-logo-scaled-2.png\",\"contentUrl\":\"https:\/\/new.campingsantapomata.it\/wp-content\/uploads\/2025\/07\/cropped-cropped-santapomata-logo-scaled-2.png\",\"width\":2558,\"height\":1006,\"caption\":\"Camping Village Santapomata\"},\"image\":{\"@id\":\"https:\/\/new.campingsantapomata.it\/de\/#\/schema\/logo\/image\/\"}}]}<\/script>\n<!-- \/ Yoast SEO plugin. -->","yoast_head_json":{"title":"Entdecken Sie die Campingplatzordnung des Camping Village Santapomata","description":"Halten Sie sich an die Campingplatzordnung des Camping Village Santapomata f\u00fcr einen entspannten Aufenthalt","robots":{"index":"noindex","follow":"follow","max-snippet":"max-snippet:-1","max-image-preview":"max-image-preview:large","max-video-preview":"max-video-preview:-1"},"og_locale":"de_DE","og_type":"article","og_title":"Entdecken Sie die Campingplatzordnung des Camping Village Santapomata","og_description":"Halten Sie sich an die Campingplatzordnung des Camping Village Santapomata f\u00fcr einen entspannten Aufenthalt","og_url":"https:\/\/new.campingsantapomata.it\/de\/regelwerk\/","og_site_name":"Camping Village Santapomata","article_modified_time":"2025-07-22T10:55:34+00:00","twitter_card":"summary_large_image","schema":{"@context":"https:\/\/schema.org","@graph":[{"@type":"WebPage","@id":"https:\/\/new.campingsantapomata.it\/de\/regelwerk\/","url":"https:\/\/new.campingsantapomata.it\/de\/regelwerk\/","name":"Entdecken Sie die Campingplatzordnung des Camping Village Santapomata","isPartOf":{"@id":"https:\/\/new.campingsantapomata.it\/de\/#website"},"primaryImageOfPage":{"@id":"https:\/\/new.campingsantapomata.it\/de\/regelwerk\/#primaryimage"},"image":{"@id":"https:\/\/new.campingsantapomata.it\/de\/regelwerk\/#primaryimage"},"thumbnailUrl":"https:\/\/new.campingsantapomata.it\/wp-content\/uploads\/2025\/07\/panoramica-pineta-ok-scaled.jpg","datePublished":"2025-03-31T17:24:05+00:00","dateModified":"2025-07-22T10:55:34+00:00","description":"Halten Sie sich an die Campingplatzordnung des Camping Village Santapomata f\u00fcr einen entspannten Aufenthalt","breadcrumb":{"@id":"https:\/\/new.campingsantapomata.it\/de\/regelwerk\/#breadcrumb"},"inLanguage":"de","potentialAction":[{"@type":"ReadAction","target":["https:\/\/new.campingsantapomata.it\/de\/regelwerk\/"]}]},{"@type":"ImageObject","inLanguage":"de","@id":"https:\/\/new.campingsantapomata.it\/de\/regelwerk\/#primaryimage","url":"https:\/\/new.campingsantapomata.it\/wp-content\/uploads\/2025\/07\/panoramica-pineta-ok-scaled.jpg","contentUrl":"https:\/\/new.campingsantapomata.it\/wp-content\/uploads\/2025\/07\/panoramica-pineta-ok-scaled.jpg","width":2560,"height":1440,"caption":"default"},{"@type":"BreadcrumbList","@id":"https:\/\/new.campingsantapomata.it\/de\/regelwerk\/#breadcrumb","itemListElement":[{"@type":"ListItem","position":1,"name":"Home","item":"https:\/\/new.campingsantapomata.it\/de\/"},{"@type":"ListItem","position":2,"name":"Regelwerk"}]},{"@type":"WebSite","@id":"https:\/\/new.campingsantapomata.it\/de\/#website","url":"https:\/\/new.campingsantapomata.it\/de\/","name":"Camping Village Santapomata","description":"Per le tue vacanze nella Maremma toscana, scegli il Camping Village Santapomata: direttamente sulla spiaggia privata. Scopri le offerte e prenota on-line!","publisher":{"@id":"https:\/\/new.campingsantapomata.it\/de\/#organization"},"potentialAction":[{"@type":"SearchAction","target":{"@type":"EntryPoint","urlTemplate":"https:\/\/new.campingsantapomata.it\/de\/?s={search_term_string}"},"query-input":{"@type":"PropertyValueSpecification","valueRequired":true,"valueName":"search_term_string"}}],"inLanguage":"de"},{"@type":"Organization","@id":"https:\/\/new.campingsantapomata.it\/de\/#organization","name":"Camping Village Santapomata","url":"https:\/\/new.campingsantapomata.it\/de\/","logo":{"@type":"ImageObject","inLanguage":"de","@id":"https:\/\/new.campingsantapomata.it\/de\/#\/schema\/logo\/image\/","url":"https:\/\/new.campingsantapomata.it\/wp-content\/uploads\/2025\/07\/cropped-cropped-santapomata-logo-scaled-2.png","contentUrl":"https:\/\/new.campingsantapomata.it\/wp-content\/uploads\/2025\/07\/cropped-cropped-santapomata-logo-scaled-2.png","width":2558,"height":1006,"caption":"Camping Village Santapomata"},"image":{"@id":"https:\/\/new.campingsantapomata.it\/de\/#\/schema\/logo\/image\/"}}]}},"_links":{"self":[{"href":"https:\/\/new.campingsantapomata.it\/de\/wp-json\/wp\/v2\/pages\/26798","targetHints":{"allow":["GET"]}}],"collection":[{"href":"https:\/\/new.campingsantapomata.it\/de\/wp-json\/wp\/v2\/pages"}],"about":[{"href":"https:\/\/new.campingsantapomata.it\/de\/wp-json\/wp\/v2\/types\/page"}],"author":[{"embeddable":true,"href":"https:\/\/new.campingsantapomata.it\/de\/wp-json\/wp\/v2\/users\/2"}],"replies":[{"embeddable":true,"href":"https:\/\/new.campingsantapomata.it\/de\/wp-json\/wp\/v2\/comments?post=26798"}],"version-history":[{"count":7,"href":"https:\/\/new.campingsantapomata.it\/de\/wp-json\/wp\/v2\/pages\/26798\/revisions"}],"predecessor-version":[{"id":26816,"href":"https:\/\/new.campingsantapomata.it\/de\/wp-json\/wp\/v2\/pages\/26798\/revisions\/26816"}],"wp:featuredmedia":[{"embeddable":true,"href":"https:\/\/new.campingsantapomata.it\/de\/wp-json\/wp\/v2\/media\/26842"}],"wp:attachment":[{"href":"https:\/\/new.campingsantapomata.it\/de\/wp-json\/wp\/v2\/media?parent=26798"}],"curies":[{"name":"wp","href":"https:\/\/api.w.org\/{rel}","templated":true}]}}